{"id":861,"date":"2021-02-24T13:46:06","date_gmt":"2021-02-24T11:45:57","guid":{"rendered":"https:\/\/noodiriiul.ee\/?post_type=product&#038;p=861"},"modified":"2024-07-23T17:55:27","modified_gmt":"2024-07-23T14:55:27","slug":"fredrik-pacius-johann-voldemar-jannsen-mu-isamaa-mu-onn-ja-room-my-native-land-my-pride-and-joy","status":"publish","type":"product","link":"https:\/\/noodiriiul.ee\/en\/score\/fredrik-pacius-johann-voldemar-jannsen-mu-isamaa-mu-onn-ja-room-my-native-land-my-pride-and-joy\/","title":{"rendered":"Fredrik Pacius \/ Johann Voldemar Jannsen &#8220;Mu isamaa, mu \u00f5nn ja r\u00f5\u00f5m&#8221; (My Native Land, My Pride and Joy)"},"content":{"rendered":"","protected":false},"excerpt":{"rendered":"<p>Music by: Fredrik Pacius<br \/>\nLyrics by: Johann Voldemar Jannsen<br \/>\nJoint song<br \/>\nNumber of pages(A4):1<\/p>\n","protected":false},"featured_media":859,"template":"","meta":[],"product_brand":[],"product_cat":[176],"product_tag":[182],"class_list":{"0":"post-861","1":"product","2":"type-product","3":"status-publish","4":"has-post-thumbnail","6":"heliloojad-fredrik-pacius-en","7":"tekstiautorid-johann-voldemar-jannsen-en","8":"product_cat-joint-songs","9":"product_tag-free-sheet-music","11":"first","12":"instock","13":"downloadable","14":"virtual","15":"taxable","16":"purchasable","17":"product-type-simple"},"_links":{"self":[{"href":"https:\/\/noodiriiul.ee\/en\/wp-json\/wp\/v2\/product\/861","targetHints":{"allow":["GET"]}}],"collection":[{"href":"https:\/\/noodiriiul.ee\/en\/wp-json\/wp\/v2\/product"}],"about":[{"href":"https:\/\/noodiriiul.ee\/en\/wp-json\/wp\/v2\/types\/product"}],"wp:featuredmedia":[{"embeddable":true,"href":"https:\/\/noodiriiul.ee\/en\/wp-json\/wp\/v2\/media\/859"}],"wp:attachment":[{"href":"https:\/\/noodiriiul.ee\/en\/wp-json\/wp\/v2\/media?parent=861"}],"wp:term":[{"taxonomy":"product_brand","embeddable":true,"href":"https:\/\/noodiriiul.ee\/en\/wp-json\/wp\/v2\/product_brand?post=861"},{"taxonomy":"product_cat","embeddable":true,"href":"https:\/\/noodiriiul.ee\/en\/wp-json\/wp\/v2\/product_cat?post=861"},{"taxonomy":"product_tag","embeddable":true,"href":"https:\/\/noodiriiul.ee\/en\/wp-json\/wp\/v2\/product_tag?post=861"}],"curies":[{"name":"wp","href":"https:\/\/api.w.org\/{rel}","templated":true}]}}