{"id":724,"date":"2020-11-28T18:13:15","date_gmt":"2020-11-28T16:13:24","guid":{"rendered":"https:\/\/noodiriiul.ee\/?post_type=product&#038;p=724"},"modified":"2024-08-18T19:19:38","modified_gmt":"2024-08-18T16:19:38","slug":"aleksander-kunileid-lydia-koidula-mu-isamaa-on-minu-arm-my-native-land-my-dearest-love-for-male-choir","status":"publish","type":"product","link":"https:\/\/noodiriiul.ee\/en\/score\/aleksander-kunileid-lydia-koidula-mu-isamaa-on-minu-arm-my-native-land-my-dearest-love-for-male-choir\/","title":{"rendered":"Aleksander Kunileid \/ Lydia Koidula &#8220;Mu isamaa on minu arm&#8221; (My Native Land, My Dearest Love) for male choir"},"content":{"rendered":"","protected":false},"excerpt":{"rendered":"<p>Music by: Aleksander Kunileid<br \/>\nLyrics by: Lydia Koidula<br \/>\nMale choir TTBB, a cappella<br \/>\n<strong>About the work<\/strong>: Aleksander Kunileid wrote the choral song &#8220;My Native Land, My Dearest Love&#8221; to the earlier published (1867 collection &#8220;<a href=\"https:\/\/www.digar.ee\/viewer\/et\/nlib-digar:268364\/243910\/chapter\/1\" rel=\"noopener\" target=\"_blank\">Emmaj\u00f5e \u00d6pik<\/a>&#8220;) text of Lydia Koidula in the beginning of 1869. Carl Robert Jakobson inspired the author to create music for Koidula&#8217;s words. The original version was created for mixed choir, of which C. R. Jakobson ordered settings for male choir from Adolf Henselt and Ernst Meyer. At the 1st Singing Celebration, Adolf Henselt&#8217;s arrangement was included in the program, the same arrangement is also printed in the  songbook  of the 1st Singing celebration. Kunileid&#8217;s own male choir version of this song was published in C. R. Jakobson&#8217;s  <a href=\"https:\/\/www.digar.ee\/arhiiv\/nlib-digar:109772\" rel=\"noopener noreferrer\" target=\"_blank\">&#8220;Sounds of Wanemuine kannel. Men&#8217;s choirs with four voices. Published by C.R.Jakobson for Estonian Singing Holiday in 1869&#8221;<\/a>. The edition of the Music Shelf is based on the latter, the author&#8217;s own original version. Sources: Paul Rummo \u201cThe Story of One Song\u201d, Journal <a href=\"https:\/\/www.digar.ee\/arhiiv\/nlib-digar:107219\" rel=\"noopener noreferrer\" target=\"_blank\">&#8220;Looming&#8221; 1961, No. 1, p. 111<\/a>, <a href=\"http:\/\/www.digar.ee\/id\/nlib-digar:434551\" rel=\"noopener noreferrer\" target=\"_blank\">Songs of the 50th Anniversary of the Estonian Nation: Tartu, 1869<\/a><br \/>\nMusic Shelf notes: The musical text of this publication corresponds exactly to the original. Some parts of the Text are modernized:  &#8220;Mu isamaa&#8221;(orig. &#8220;Mo isamaa&#8221;), &#8220;mu \u00fclem \u00f5nn&#8221;(orig: &#8220;mo \u00fclem \u00f5n&#8221;), &#8220;mu \u00f5itsev&#8221;(orig: &#8220;mo \u00f5itsew&#8221;), &#8220;su valu&#8221;(orig: &#8220;so walu&#8221;), &#8220;su \u00f5nn&#8221; (orig: &#8220;so \u00f5n&#8221;), &#8220;ei teda j\u00e4ta ma&#8221;(orig: &#8220;ei teda j\u00e4tta ma&#8221;), &#8220;peaksin sada surma ma&#8221;(orig: &#8220;peaks sada surma ma&#8221;), &#8220;v\u00f5\u00f5ra kadedus&#8221;(orig: &#8220;w\u00f5era kadedus&#8221;), &#8220;tahan puhata&#8221;(orig: &#8220;tahan puhkada&#8221;), &#8220;su r\u00fcppe&#8221;(orig: &#8220;so r\u00fcppe&#8221;), &#8220;mu p\u00f5rmust&#8221;(orig: &#8220;mo p\u00f5rmust&#8221;).<\/p>\n","protected":false},"featured_media":729,"template":"","meta":[],"product_brand":[],"product_cat":[52],"product_tag":[209,211],"class_list":{"0":"post-724","1":"product","2":"type-product","3":"status-publish","4":"has-post-thumbnail","6":"heliloojad-aleksander-kunileid-en","7":"tekstiautorid-lydia-koidula-en","8":"product_cat-male-choir","9":"product_tag-estonian-classics","10":"product_tag-male-choir-a-cappella","12":"first","13":"instock","14":"downloadable","15":"virtual","16":"taxable","17":"purchasable","18":"product-type-simple"},"_links":{"self":[{"href":"https:\/\/noodiriiul.ee\/en\/wp-json\/wp\/v2\/product\/724","targetHints":{"allow":["GET"]}}],"collection":[{"href":"https:\/\/noodiriiul.ee\/en\/wp-json\/wp\/v2\/product"}],"about":[{"href":"https:\/\/noodiriiul.ee\/en\/wp-json\/wp\/v2\/types\/product"}],"wp:featuredmedia":[{"embeddable":true,"href":"https:\/\/noodiriiul.ee\/en\/wp-json\/wp\/v2\/media\/729"}],"wp:attachment":[{"href":"https:\/\/noodiriiul.ee\/en\/wp-json\/wp\/v2\/media?parent=724"}],"wp:term":[{"taxonomy":"product_brand","embeddable":true,"href":"https:\/\/noodiriiul.ee\/en\/wp-json\/wp\/v2\/product_brand?post=724"},{"taxonomy":"product_cat","embeddable":true,"href":"https:\/\/noodiriiul.ee\/en\/wp-json\/wp\/v2\/product_cat?post=724"},{"taxonomy":"product_tag","embeddable":true,"href":"https:\/\/noodiriiul.ee\/en\/wp-json\/wp\/v2\/product_tag?post=724"}],"curies":[{"name":"wp","href":"https:\/\/api.w.org\/{rel}","templated":true}]}}