{"id":344,"date":"2020-04-07T17:08:28","date_gmt":"2020-04-07T17:05:51","guid":{"rendered":"https:\/\/noodiriiul.ee\/?post_type=product&#038;p=344"},"modified":"2024-07-23T13:12:55","modified_gmt":"2024-07-23T10:12:55","slug":"mari-amor-villem-grunthal-ridala-paikese-tousu-aegu-as-the-sun-rises-for-female-choir","status":"publish","type":"product","link":"https:\/\/noodiriiul.ee\/en\/score\/mari-amor-villem-grunthal-ridala-paikese-tousu-aegu-as-the-sun-rises-for-female-choir\/","title":{"rendered":"Mari Amor \/ Villem Gr\u00fcnthal-Ridala &#8220;P\u00e4ikese t\u00f5usu aegu&#8221; (As the Sun Rises) for female choir"},"content":{"rendered":"","protected":false},"excerpt":{"rendered":"<p>Music by: Mari Amor, Lyrics by: Villem Gr\u00fcnthal-Ridala<\/p>\n","protected":false},"featured_media":339,"template":"","meta":[],"product_brand":[],"product_cat":[53],"product_tag":[],"class_list":{"0":"post-344","1":"product","2":"type-product","3":"status-publish","4":"has-post-thumbnail","6":"heliloojad-mari-amor-en","7":"tekstiautorid-villem-grynthal-ridala-en","8":"product_cat-female-choir","10":"first","11":"instock","12":"downloadable","13":"virtual","14":"taxable","15":"purchasable","16":"product-type-simple"},"_links":{"self":[{"href":"https:\/\/noodiriiul.ee\/en\/wp-json\/wp\/v2\/product\/344","targetHints":{"allow":["GET"]}}],"collection":[{"href":"https:\/\/noodiriiul.ee\/en\/wp-json\/wp\/v2\/product"}],"about":[{"href":"https:\/\/noodiriiul.ee\/en\/wp-json\/wp\/v2\/types\/product"}],"wp:featuredmedia":[{"embeddable":true,"href":"https:\/\/noodiriiul.ee\/en\/wp-json\/wp\/v2\/media\/339"}],"wp:attachment":[{"href":"https:\/\/noodiriiul.ee\/en\/wp-json\/wp\/v2\/media?parent=344"}],"wp:term":[{"taxonomy":"product_brand","embeddable":true,"href":"https:\/\/noodiriiul.ee\/en\/wp-json\/wp\/v2\/product_brand?post=344"},{"taxonomy":"product_cat","embeddable":true,"href":"https:\/\/noodiriiul.ee\/en\/wp-json\/wp\/v2\/product_cat?post=344"},{"taxonomy":"product_tag","embeddable":true,"href":"https:\/\/noodiriiul.ee\/en\/wp-json\/wp\/v2\/product_tag?post=344"}],"curies":[{"name":"wp","href":"https:\/\/api.w.org\/{rel}","templated":true}]}}