{"id":1930,"date":"2023-04-18T21:23:31","date_gmt":"2023-04-18T18:23:50","guid":{"rendered":"https:\/\/noodiriiul.ee\/?post_type=product&#038;p=1930"},"modified":"2024-07-25T16:12:22","modified_gmt":"2024-07-25T13:12:22","slug":"works-for-mixed-choir-from-estonia-2022-my-song","status":"publish","type":"product","link":"https:\/\/noodiriiul.ee\/en\/score\/works-for-mixed-choir-from-estonia-2022-my-song\/","title":{"rendered":"Works for Mixed Choir From Estonia 2022 &#8220;My Song&#8221;"},"content":{"rendered":"","protected":false},"excerpt":{"rendered":"<p><strong>Contents:<\/strong><br \/>\nBrenda P\u00e4rtel \/ Heli Illipe Sina oled lumi (You are Snow)<br \/>\nTriin Samuel \/ Doris Kareva V\u00e4rav kahe maailma vahel (The Gate Between Two Realms)<br \/>\nEgon Elbre \/ Ernst Enno Kevade (Spring)<br \/>\nBrenda P\u00e4rtel \/ Bernard Kangro Kohtumine (Meeting)<br \/>\nKaspar Saakpakk \/ Kaspar Saakpakk Metsavaimud (Spirits of the Forest)<br \/>\nLuisa Susanna K\u00fctson \/ Henrik Visnapuu Endeline \u00f6\u00f6 \/ N\u00fc\u00fcd on \u00f6\u00f6 ja kuu (The Augural Night \/ Now It&#8217;s Night and Moon)<br \/>\nEerik Robert Ots \/ Henri Pukk Kolm laulu s\u00f5brale (Three Songs for a Friend)<br \/>\n1. Sina (You)<br \/>\n2. Jumalata \/ Olematu (Godless \/ Non-existent)<br \/>\n3. Mu p\u00e4ike (My Sun)<br \/>\nEgon Elbre \/ Taavi Kivisik Tuletuul (Wind of Fire)<br \/>\nPatrik Sebastian Unt \/ August Sang R\u00f5\u00f5m (Joy)<br \/>\nTrad.Attack!, Luisa Susanna K\u00fctson \/Folkloor Armasta mind (Love Me)<br \/>\nEerk Robert Ots \/Hando Runnel Kodu (Home)<br \/>\n<strong>Koosseisud<\/strong>:<br \/>\nmixed choir a cappella<\/p>\n<p><strong>Number of Pages(A4)<\/strong>: 64<br \/>\n[caption id=\"attachment_1705\" align=\"alignnone\" width=\"300\"]<a href=\"https:\/\/www.kulka.ee\/en\"><img loading=\"lazy\" decoding=\"async\" src=\"https:\/\/noodiriiul.ee\/wp-content\/uploads\/Kulka_logo_sin-300x145.png\" alt=\"Supported by Eesti Kultuurkapital\" width=\"300\" height=\"145\" class=\"size-medium wp-image-1705\" srcset=\"https:\/\/noodiriiul.ee\/wp-content\/uploads\/Kulka_logo_sin-300x145.png 300w, https:\/\/noodiriiul.ee\/wp-content\/uploads\/Kulka_logo_sin-416x202.png 416w, https:\/\/noodiriiul.ee\/wp-content\/uploads\/Kulka_logo_sin.png 652w\" sizes=\"auto, (max-width: 300px) 100vw, 300px\" \/><\/a> Supported by Eesti Kultuurkapital[\/caption]<\/p>\n","protected":false},"featured_media":1960,"template":"","meta":[],"product_brand":[],"product_cat":[194,54],"product_tag":[212],"class_list":{"0":"post-1930","1":"product","2":"type-product","3":"status-publish","4":"has-post-thumbnail","6":"heliloojad-brenda-partel-en","7":"heliloojad-eerik-robert-ots-en","8":"heliloojad-egon-elbre-en","9":"heliloojad-kaspar-saakpakk-en","10":"heliloojad-luisa-susanna-kytson-en","11":"heliloojad-patrik-sebastian-unt-en","12":"heliloojad-trad-attack-en","13":"heliloojad-triin-samuel-en","14":"tekstiautorid-august-sang-en","15":"tekstiautorid-doris-kareva-en","16":"tekstiautorid-ernst-enno-en","17":"tekstiautorid-folklore","18":"tekstiautorid-hando-runnel-en","19":"tekstiautorid-henri-pukk-en","20":"tekstiautorid-henrik-visnapuu-en","21":"tekstiautorid-taavi-kivisik-en","22":"tekstiautorid-trad-attack-en","23":"arranzheerijad-luisa-susanna-kutson-en","24":"product_cat-collections-for-choir","25":"product_cat-mixed-choir","26":"product_tag-mixed-choir-a-cappella","28":"first","29":"instock","30":"downloadable","31":"virtual","32":"taxable","33":"purchasable","34":"product-type-simple"},"_links":{"self":[{"href":"https:\/\/noodiriiul.ee\/en\/wp-json\/wp\/v2\/product\/1930","targetHints":{"allow":["GET"]}}],"collection":[{"href":"https:\/\/noodiriiul.ee\/en\/wp-json\/wp\/v2\/product"}],"about":[{"href":"https:\/\/noodiriiul.ee\/en\/wp-json\/wp\/v2\/types\/product"}],"wp:featuredmedia":[{"embeddable":true,"href":"https:\/\/noodiriiul.ee\/en\/wp-json\/wp\/v2\/media\/1960"}],"wp:attachment":[{"href":"https:\/\/noodiriiul.ee\/en\/wp-json\/wp\/v2\/media?parent=1930"}],"wp:term":[{"taxonomy":"product_brand","embeddable":true,"href":"https:\/\/noodiriiul.ee\/en\/wp-json\/wp\/v2\/product_brand?post=1930"},{"taxonomy":"product_cat","embeddable":true,"href":"https:\/\/noodiriiul.ee\/en\/wp-json\/wp\/v2\/product_cat?post=1930"},{"taxonomy":"product_tag","embeddable":true,"href":"https:\/\/noodiriiul.ee\/en\/wp-json\/wp\/v2\/product_tag?post=1930"}],"curies":[{"name":"wp","href":"https:\/\/api.w.org\/{rel}","templated":true}]}}