{"id":1923,"date":"2023-04-07T21:58:27","date_gmt":"2023-04-07T18:59:47","guid":{"rendered":"https:\/\/noodiriiul.ee\/?post_type=product&#038;p=1923"},"modified":"2024-07-25T16:06:18","modified_gmt":"2024-07-25T13:06:18","slug":"viktoria-grahv-heljo-mand-kuus-linnulaulu-heljo-manni-sonadelesix-birdsongs-to-words-by-heljo-mand","status":"publish","type":"product","link":"https:\/\/noodiriiul.ee\/en\/score\/viktoria-grahv-heljo-mand-kuus-linnulaulu-heljo-manni-sonadelesix-birdsongs-to-words-by-heljo-mand\/","title":{"rendered":"Viktoria Grahv \/ Heljo M\u00e4nd &#8220;Kuus linnulaulu Heljo M\u00e4nni s\u00f5nadele&#8221;(Six Birdsongs to Words by Heljo M\u00e4nd )"},"content":{"rendered":"","protected":false},"excerpt":{"rendered":"<p>Music by: Viktoria Grahv<br \/>\nLyrics by: Heljo M\u00e4nd<br \/>\nNumber of Pages(A4): 12<br \/>\nMixed choir a cappella SATB<\/p>\n","protected":false},"featured_media":1915,"template":"","meta":[],"product_brand":[],"product_cat":[54],"product_tag":[212],"class_list":{"0":"post-1923","1":"product","2":"type-product","3":"status-publish","4":"has-post-thumbnail","6":"heliloojad-viktoria-grahv-en","7":"tekstiautorid-heljo-mand-en","8":"product_cat-mixed-choir","9":"product_tag-mixed-choir-a-cappella","11":"first","12":"instock","13":"downloadable","14":"virtual","15":"taxable","16":"purchasable","17":"product-type-simple"},"_links":{"self":[{"href":"https:\/\/noodiriiul.ee\/en\/wp-json\/wp\/v2\/product\/1923","targetHints":{"allow":["GET"]}}],"collection":[{"href":"https:\/\/noodiriiul.ee\/en\/wp-json\/wp\/v2\/product"}],"about":[{"href":"https:\/\/noodiriiul.ee\/en\/wp-json\/wp\/v2\/types\/product"}],"wp:featuredmedia":[{"embeddable":true,"href":"https:\/\/noodiriiul.ee\/en\/wp-json\/wp\/v2\/media\/1915"}],"wp:attachment":[{"href":"https:\/\/noodiriiul.ee\/en\/wp-json\/wp\/v2\/media?parent=1923"}],"wp:term":[{"taxonomy":"product_brand","embeddable":true,"href":"https:\/\/noodiriiul.ee\/en\/wp-json\/wp\/v2\/product_brand?post=1923"},{"taxonomy":"product_cat","embeddable":true,"href":"https:\/\/noodiriiul.ee\/en\/wp-json\/wp\/v2\/product_cat?post=1923"},{"taxonomy":"product_tag","embeddable":true,"href":"https:\/\/noodiriiul.ee\/en\/wp-json\/wp\/v2\/product_tag?post=1923"}],"curies":[{"name":"wp","href":"https:\/\/api.w.org\/{rel}","templated":true}]}}