{"id":1725,"date":"2022-05-28T16:46:00","date_gmt":"2022-05-28T13:52:57","guid":{"rendered":"https:\/\/noodiriiul.ee\/?post_type=product&#038;p=1725"},"modified":"2024-07-25T16:04:03","modified_gmt":"2024-07-25T13:04:03","slug":"alo-mattiisen-juri-leesment-eestlane-olen-ja-eestlaseks-jaan-estonian-i-am-and-estonian-i-will-be","status":"publish","type":"product","link":"https:\/\/noodiriiul.ee\/en\/score\/alo-mattiisen-juri-leesment-eestlane-olen-ja-eestlaseks-jaan-estonian-i-am-and-estonian-i-will-be\/","title":{"rendered":"Alo Mattiisen \/ J\u00fcri Leesment &#8220;Eestlane olen ja eestlaseks j\u00e4\u00e4n&#8221; (Estonian I Am, and Estonian I Will Be)"},"content":{"rendered":"","protected":false},"excerpt":{"rendered":"<p>&#8220;Eestlane olen ja eestlaseks j\u00e4\u00e4n&#8221; (Estonian I Am, and Estonian I Will Be) is the fifth part of the work <a href=\"https:\/\/noodiriiul.ee\/en\/score\/alo-mattiisen-juri-leesment-viis-arkamisaegset-laulu-five-awakening-songs\/\">\u201cViis \u00e4rkamisaegset laulu\u201d (Five Awakening Songs)<\/a>.<br \/>\nMusic by: Alo Mattiisen<br \/>\nLyrics by: J\u00fcri Leesment<br \/>\nVocal, instruments<br \/>\nNumber of Pages(A4): 3<br \/>\n[caption id=\"attachment_1705\" align=\"alignnone\" width=\"300\"]<a href=\"https:\/\/www.kulka.ee\/en\"><img loading=\"lazy\" decoding=\"async\" src=\"https:\/\/noodiriiul.ee\/wp-content\/uploads\/Kulka_logo_sin-300x145.png\" alt=\"Supported by Eesti Kultuurkapital\" width=\"300\" height=\"145\" class=\"size-medium wp-image-1705\" srcset=\"https:\/\/noodiriiul.ee\/wp-content\/uploads\/Kulka_logo_sin-300x145.png 300w, https:\/\/noodiriiul.ee\/wp-content\/uploads\/Kulka_logo_sin-416x202.png 416w, https:\/\/noodiriiul.ee\/wp-content\/uploads\/Kulka_logo_sin.png 652w\" sizes=\"auto, (max-width: 300px) 100vw, 300px\" \/><\/a> Supported by Eesti Kultuurkapital[\/caption]<\/p>\n","protected":false},"featured_media":1691,"template":"","meta":[],"product_brand":[],"product_cat":[176],"product_tag":[],"class_list":{"0":"post-1725","1":"product","2":"type-product","3":"status-publish","4":"has-post-thumbnail","6":"heliloojad-alo-mattiisen-en","7":"tekstiautorid-juri-leesment-en","8":"product_cat-joint-songs","10":"first","11":"instock","12":"downloadable","13":"virtual","14":"taxable","15":"purchasable","16":"product-type-simple"},"_links":{"self":[{"href":"https:\/\/noodiriiul.ee\/en\/wp-json\/wp\/v2\/product\/1725","targetHints":{"allow":["GET"]}}],"collection":[{"href":"https:\/\/noodiriiul.ee\/en\/wp-json\/wp\/v2\/product"}],"about":[{"href":"https:\/\/noodiriiul.ee\/en\/wp-json\/wp\/v2\/types\/product"}],"wp:featuredmedia":[{"embeddable":true,"href":"https:\/\/noodiriiul.ee\/en\/wp-json\/wp\/v2\/media\/1691"}],"wp:attachment":[{"href":"https:\/\/noodiriiul.ee\/en\/wp-json\/wp\/v2\/media?parent=1725"}],"wp:term":[{"taxonomy":"product_brand","embeddable":true,"href":"https:\/\/noodiriiul.ee\/en\/wp-json\/wp\/v2\/product_brand?post=1725"},{"taxonomy":"product_cat","embeddable":true,"href":"https:\/\/noodiriiul.ee\/en\/wp-json\/wp\/v2\/product_cat?post=1725"},{"taxonomy":"product_tag","embeddable":true,"href":"https:\/\/noodiriiul.ee\/en\/wp-json\/wp\/v2\/product_tag?post=1725"}],"curies":[{"name":"wp","href":"https:\/\/api.w.org\/{rel}","templated":true}]}}