{"id":1716,"date":"2022-05-28T12:32:16","date_gmt":"2022-05-28T09:32:31","guid":{"rendered":"https:\/\/noodiriiul.ee\/?post_type=product&#038;p=1716"},"modified":"2024-07-25T15:56:28","modified_gmt":"2024-07-25T12:56:28","slug":"alo-mattiisen-henno-kao-mingem-ules-magedele-let-us-go-up-to-the-hills","status":"publish","type":"product","link":"https:\/\/noodiriiul.ee\/en\/score\/alo-mattiisen-henno-kao-mingem-ules-magedele-let-us-go-up-to-the-hills\/","title":{"rendered":"Alo Mattiisen \/ Henno K\u00e4o &#8220;Mingem \u00fcles m\u00e4gedele&#8221; (Let Us Go up to the Hills)"},"content":{"rendered":"","protected":false},"excerpt":{"rendered":"<p>\u201cMingem \u00fcles m\u00e4gedele\u201d (Let Us Go up to the Hills) is the second part of the work <a href=\"https:\/\/noodiriiul.ee\/en\/score\/alo-mattiisen-juri-leesment-viis-arkamisaegset-laulu-five-awakening-songs\/\">\u201cViis \u00e4rkamisaegset laulu\u201d (Five Awakening Songs)<\/a>.<br \/>\nMusic by: Alo Mattiisen<br \/>\nLyrics by: Henno K\u00e4o<br \/>\nVocal, instruments<br \/>\nNumber of Pages(A4): 3<br \/>\n[caption id=\"attachment_1705\" align=\"alignnone\" width=\"300\"]<a href=\"https:\/\/www.kulka.ee\/en\"><img loading=\"lazy\" decoding=\"async\" src=\"https:\/\/noodiriiul.ee\/wp-content\/uploads\/Kulka_logo_sin-300x145.png\" alt=\"Supported by Eesti Kultuurkapital\" width=\"300\" height=\"145\" class=\"size-medium wp-image-1705\" srcset=\"https:\/\/noodiriiul.ee\/wp-content\/uploads\/Kulka_logo_sin-300x145.png 300w, https:\/\/noodiriiul.ee\/wp-content\/uploads\/Kulka_logo_sin-416x202.png 416w, https:\/\/noodiriiul.ee\/wp-content\/uploads\/Kulka_logo_sin.png 652w\" sizes=\"auto, (max-width: 300px) 100vw, 300px\" \/><\/a> Supported by Eesti Kultuurkapital[\/caption]<\/p>\n","protected":false},"featured_media":1689,"template":"","meta":[],"product_brand":[],"product_cat":[176],"product_tag":[],"class_list":{"0":"post-1716","1":"product","2":"type-product","3":"status-publish","4":"has-post-thumbnail","6":"heliloojad-alo-mattiisen-en","7":"tekstiautorid-henno-kao-en","8":"product_cat-joint-songs","10":"first","11":"instock","12":"downloadable","13":"virtual","14":"taxable","15":"purchasable","16":"product-type-simple"},"_links":{"self":[{"href":"https:\/\/noodiriiul.ee\/en\/wp-json\/wp\/v2\/product\/1716","targetHints":{"allow":["GET"]}}],"collection":[{"href":"https:\/\/noodiriiul.ee\/en\/wp-json\/wp\/v2\/product"}],"about":[{"href":"https:\/\/noodiriiul.ee\/en\/wp-json\/wp\/v2\/types\/product"}],"wp:featuredmedia":[{"embeddable":true,"href":"https:\/\/noodiriiul.ee\/en\/wp-json\/wp\/v2\/media\/1689"}],"wp:attachment":[{"href":"https:\/\/noodiriiul.ee\/en\/wp-json\/wp\/v2\/media?parent=1716"}],"wp:term":[{"taxonomy":"product_brand","embeddable":true,"href":"https:\/\/noodiriiul.ee\/en\/wp-json\/wp\/v2\/product_brand?post=1716"},{"taxonomy":"product_cat","embeddable":true,"href":"https:\/\/noodiriiul.ee\/en\/wp-json\/wp\/v2\/product_cat?post=1716"},{"taxonomy":"product_tag","embeddable":true,"href":"https:\/\/noodiriiul.ee\/en\/wp-json\/wp\/v2\/product_tag?post=1716"}],"curies":[{"name":"wp","href":"https:\/\/api.w.org\/{rel}","templated":true}]}}