{"id":1573,"date":"2022-01-16T11:49:45","date_gmt":"2022-01-16T09:49:55","guid":{"rendered":"https:\/\/noodiriiul.ee\/?post_type=product&#038;p=1573"},"modified":"2024-07-25T15:39:43","modified_gmt":"2024-07-25T12:39:43","slug":"fredrik-pacius-johann-voldemar-jannsen-mu-isamaa-mu-onn-ja-room-my-native-land-my-pride-and-joy-for-male-choir","status":"publish","type":"product","link":"https:\/\/noodiriiul.ee\/en\/score\/fredrik-pacius-johann-voldemar-jannsen-mu-isamaa-mu-onn-ja-room-my-native-land-my-pride-and-joy-for-male-choir\/","title":{"rendered":"Fredrik Pacius \/ Johann Voldemar Jannsen &#8220;Mu isamaa, mu \u00f5nn ja r\u00f5\u00f5m&#8221; (My Native Land, My Pride and Joy) for Male Choir"},"content":{"rendered":"","protected":false},"excerpt":{"rendered":"<p>Music by: Fredrik Pacius<br \/>\nLyrics by: Johann Voldemar Jannsen<br \/>\nMale choir TTBB, a cappella<br \/>\nNumber of pages(A4):1<\/p>\n","protected":false},"featured_media":1572,"template":"","meta":[],"product_brand":[],"product_cat":[52],"product_tag":[182,211],"class_list":{"0":"post-1573","1":"product","2":"type-product","3":"status-publish","4":"has-post-thumbnail","6":"heliloojad-fredrik-pacius-en","7":"tekstiautorid-johann-voldemar-jannsen-en","8":"product_cat-male-choir","9":"product_tag-free-sheet-music","10":"product_tag-male-choir-a-cappella","12":"first","13":"instock","14":"downloadable","15":"virtual","16":"taxable","17":"purchasable","18":"product-type-simple"},"_links":{"self":[{"href":"https:\/\/noodiriiul.ee\/en\/wp-json\/wp\/v2\/product\/1573","targetHints":{"allow":["GET"]}}],"collection":[{"href":"https:\/\/noodiriiul.ee\/en\/wp-json\/wp\/v2\/product"}],"about":[{"href":"https:\/\/noodiriiul.ee\/en\/wp-json\/wp\/v2\/types\/product"}],"wp:featuredmedia":[{"embeddable":true,"href":"https:\/\/noodiriiul.ee\/en\/wp-json\/wp\/v2\/media\/1572"}],"wp:attachment":[{"href":"https:\/\/noodiriiul.ee\/en\/wp-json\/wp\/v2\/media?parent=1573"}],"wp:term":[{"taxonomy":"product_brand","embeddable":true,"href":"https:\/\/noodiriiul.ee\/en\/wp-json\/wp\/v2\/product_brand?post=1573"},{"taxonomy":"product_cat","embeddable":true,"href":"https:\/\/noodiriiul.ee\/en\/wp-json\/wp\/v2\/product_cat?post=1573"},{"taxonomy":"product_tag","embeddable":true,"href":"https:\/\/noodiriiul.ee\/en\/wp-json\/wp\/v2\/product_tag?post=1573"}],"curies":[{"name":"wp","href":"https:\/\/api.w.org\/{rel}","templated":true}]}}