{"id":1528,"date":"2021-12-05T13:26:19","date_gmt":"2021-12-05T11:26:09","guid":{"rendered":"https:\/\/noodiriiul.ee\/?post_type=product&#038;p=1528"},"modified":"2024-07-25T15:36:30","modified_gmt":"2024-07-25T12:36:30","slug":"olav-ehala-ilmar-trull-jouluool-juhtuda-voib-ime-miracle-may-happen-in-christmas-night-piano-part","status":"publish","type":"product","link":"https:\/\/noodiriiul.ee\/en\/score\/olav-ehala-ilmar-trull-jouluool-juhtuda-voib-ime-miracle-may-happen-in-christmas-night-piano-part\/","title":{"rendered":"Olav Ehala \/ Ilmar Trull &#8220;J\u00f5ulu\u00f6\u00f6l juhtuda v\u00f5ib ime&#8221; (Miracle May Happen in Christmas Night) Piano Part"},"content":{"rendered":"","protected":false},"excerpt":{"rendered":"<p>Music by: Olav Ehala<br \/>\nPiano Accompaniment for Choral Work &#8220;J\u00f5ulu\u00f6\u00f6l juhtuda v\u00f5ib ime&#8221; (Miracle May Happen in Christmas Night)<br \/>\nNumber of pages: 2<\/p>\n","protected":false},"featured_media":1499,"template":"","meta":[],"product_brand":[],"product_cat":[67,54],"product_tag":[317,214,321],"class_list":{"0":"post-1528","1":"product","2":"type-product","3":"status-publish","4":"has-post-thumbnail","6":"heliloojad-olav-ehala-en","7":"tekstiautorid-ilmar-trull-en","8":"product_cat-childrens-choir","9":"product_cat-mixed-choir","10":"product_tag-christmas","11":"product_tag-mixed-choir-with-piano-accompaniment","12":"product_tag-three-part-childrens-choir-with-piano-accompaniment","14":"first","15":"instock","16":"downloadable","17":"virtual","18":"taxable","19":"purchasable","20":"product-type-simple"},"_links":{"self":[{"href":"https:\/\/noodiriiul.ee\/en\/wp-json\/wp\/v2\/product\/1528","targetHints":{"allow":["GET"]}}],"collection":[{"href":"https:\/\/noodiriiul.ee\/en\/wp-json\/wp\/v2\/product"}],"about":[{"href":"https:\/\/noodiriiul.ee\/en\/wp-json\/wp\/v2\/types\/product"}],"wp:featuredmedia":[{"embeddable":true,"href":"https:\/\/noodiriiul.ee\/en\/wp-json\/wp\/v2\/media\/1499"}],"wp:attachment":[{"href":"https:\/\/noodiriiul.ee\/en\/wp-json\/wp\/v2\/media?parent=1528"}],"wp:term":[{"taxonomy":"product_brand","embeddable":true,"href":"https:\/\/noodiriiul.ee\/en\/wp-json\/wp\/v2\/product_brand?post=1528"},{"taxonomy":"product_cat","embeddable":true,"href":"https:\/\/noodiriiul.ee\/en\/wp-json\/wp\/v2\/product_cat?post=1528"},{"taxonomy":"product_tag","embeddable":true,"href":"https:\/\/noodiriiul.ee\/en\/wp-json\/wp\/v2\/product_tag?post=1528"}],"curies":[{"name":"wp","href":"https:\/\/api.w.org\/{rel}","templated":true}]}}