{"id":1523,"date":"2021-12-05T13:08:53","date_gmt":"2021-12-05T11:08:43","guid":{"rendered":"https:\/\/noodiriiul.ee\/?post_type=product&#038;p=1523"},"modified":"2024-07-25T15:31:46","modified_gmt":"2024-07-25T12:31:46","slug":"olav-ehala-ilmar-trull-jouluool-juhtuda-voib-ime-miracle-may-happen-in-christmas-night-for-mixed-choir","status":"publish","type":"product","link":"https:\/\/noodiriiul.ee\/en\/score\/olav-ehala-ilmar-trull-jouluool-juhtuda-voib-ime-miracle-may-happen-in-christmas-night-for-mixed-choir\/","title":{"rendered":"Olav Ehala \/ Ilmar Trull &#8220;J\u00f5ulu\u00f6\u00f6l juhtuda v\u00f5ib ime&#8221; (Miracle May Happen in Christmas Night) for mixed choir"},"content":{"rendered":"","protected":false},"excerpt":{"rendered":"<p>Music by: Olav Ehala<br \/>\nLyrics by: Ilmar Trull<br \/>\n6-part (SSATBB) mixed choir with piano accompaniment<br \/>\nNumber of Pages(A4): 4 (Full Score), 2 (Vocal Score)<br \/>\nPiano Part is available separately: please look at the link below<\/p>\n","protected":false},"featured_media":1503,"template":"","meta":[],"product_brand":[],"product_cat":[54],"product_tag":[317,214],"class_list":{"0":"post-1523","1":"product","2":"type-product","3":"status-publish","4":"has-post-thumbnail","6":"heliloojad-olav-ehala-en","7":"tekstiautorid-ilmar-trull-en","8":"product_cat-mixed-choir","9":"product_tag-christmas","10":"product_tag-mixed-choir-with-piano-accompaniment","12":"first","13":"instock","14":"taxable","15":"shipping-taxable","16":"purchasable","17":"product-type-variable"},"_links":{"self":[{"href":"https:\/\/noodiriiul.ee\/en\/wp-json\/wp\/v2\/product\/1523","targetHints":{"allow":["GET"]}}],"collection":[{"href":"https:\/\/noodiriiul.ee\/en\/wp-json\/wp\/v2\/product"}],"about":[{"href":"https:\/\/noodiriiul.ee\/en\/wp-json\/wp\/v2\/types\/product"}],"wp:featuredmedia":[{"embeddable":true,"href":"https:\/\/noodiriiul.ee\/en\/wp-json\/wp\/v2\/media\/1503"}],"wp:attachment":[{"href":"https:\/\/noodiriiul.ee\/en\/wp-json\/wp\/v2\/media?parent=1523"}],"wp:term":[{"taxonomy":"product_brand","embeddable":true,"href":"https:\/\/noodiriiul.ee\/en\/wp-json\/wp\/v2\/product_brand?post=1523"},{"taxonomy":"product_cat","embeddable":true,"href":"https:\/\/noodiriiul.ee\/en\/wp-json\/wp\/v2\/product_cat?post=1523"},{"taxonomy":"product_tag","embeddable":true,"href":"https:\/\/noodiriiul.ee\/en\/wp-json\/wp\/v2\/product_tag?post=1523"}],"curies":[{"name":"wp","href":"https:\/\/api.w.org\/{rel}","templated":true}]}}