{"id":1517,"date":"2021-12-05T12:49:41","date_gmt":"2021-12-05T10:49:51","guid":{"rendered":"https:\/\/noodiriiul.ee\/?post_type=product&#038;p=1517"},"modified":"2024-07-25T15:28:22","modified_gmt":"2024-07-25T12:28:22","slug":"olav-ehala-ilmar-trull-jouluool-juhtuda-voib-ime-miracle-may-happen-in-christmas-night-for-childrens-choir","status":"publish","type":"product","link":"https:\/\/noodiriiul.ee\/en\/score\/olav-ehala-ilmar-trull-jouluool-juhtuda-voib-ime-miracle-may-happen-in-christmas-night-for-childrens-choir\/","title":{"rendered":"Olav Ehala \/ Ilmar Trull &#8220;J\u00f5ulu\u00f6\u00f6l juhtuda v\u00f5ib ime&#8221; (Miracle May Happen in Christmas Night) for children&#8217;s choir"},"content":{"rendered":"","protected":false},"excerpt":{"rendered":"<p>Music by: Olav Ehala<br \/>\nLyrics by: Ilmar Trull<br \/>\nThree-part Childrens Choir with piano accompaniment<br \/>\nNumber of Pages(A4): 3(Full Score), 2 (Vocal Score)<br \/>\nPiano Part is available separately: please look at the link below<\/p>\n","protected":false},"featured_media":1497,"template":"","meta":[],"product_brand":[],"product_cat":[67],"product_tag":[317,321],"class_list":{"0":"post-1517","1":"product","2":"type-product","3":"status-publish","4":"has-post-thumbnail","6":"heliloojad-olav-ehala-en","7":"tekstiautorid-ilmar-trull-en","8":"product_cat-childrens-choir","9":"product_tag-christmas","10":"product_tag-three-part-childrens-choir-with-piano-accompaniment","12":"first","13":"instock","14":"taxable","15":"shipping-taxable","16":"purchasable","17":"product-type-variable"},"_links":{"self":[{"href":"https:\/\/noodiriiul.ee\/en\/wp-json\/wp\/v2\/product\/1517","targetHints":{"allow":["GET"]}}],"collection":[{"href":"https:\/\/noodiriiul.ee\/en\/wp-json\/wp\/v2\/product"}],"about":[{"href":"https:\/\/noodiriiul.ee\/en\/wp-json\/wp\/v2\/types\/product"}],"wp:featuredmedia":[{"embeddable":true,"href":"https:\/\/noodiriiul.ee\/en\/wp-json\/wp\/v2\/media\/1497"}],"wp:attachment":[{"href":"https:\/\/noodiriiul.ee\/en\/wp-json\/wp\/v2\/media?parent=1517"}],"wp:term":[{"taxonomy":"product_brand","embeddable":true,"href":"https:\/\/noodiriiul.ee\/en\/wp-json\/wp\/v2\/product_brand?post=1517"},{"taxonomy":"product_cat","embeddable":true,"href":"https:\/\/noodiriiul.ee\/en\/wp-json\/wp\/v2\/product_cat?post=1517"},{"taxonomy":"product_tag","embeddable":true,"href":"https:\/\/noodiriiul.ee\/en\/wp-json\/wp\/v2\/product_tag?post=1517"}],"curies":[{"name":"wp","href":"https:\/\/api.w.org\/{rel}","templated":true}]}}