{"id":1427,"date":"2021-10-25T11:11:12","date_gmt":"2021-10-25T08:11:02","guid":{"rendered":"https:\/\/noodiriiul.ee\/?post_type=product&#038;p=1427"},"modified":"2024-07-24T16:47:50","modified_gmt":"2024-07-24T13:47:50","slug":"leila-roomel-anu-roomel-poiss-ja-tudruk-a-boy-and-a-girl","status":"publish","type":"product","link":"https:\/\/noodiriiul.ee\/en\/score\/leila-roomel-anu-roomel-poiss-ja-tudruk-a-boy-and-a-girl\/","title":{"rendered":"Leila R\u00f6\u00f6mel \/ Anu R\u00f6\u00f6mel &#8220;Poiss ja t\u00fcdruk&#8221; (A Boy and a Girl)"},"content":{"rendered":"","protected":false},"excerpt":{"rendered":"<p>Music by: Leila R\u00f6\u00f6mel<br \/>\nLyrics by: Anu R\u00f6\u00f6mel<br \/>\nArranged for Choir: Maarika Reimand<br \/>\nChildren choir with piano accompaniment<br \/>\nNumber of Pages(A4): 6 (Full Score), 3 (Vocal Score)<\/p>\n","protected":false},"featured_media":1293,"template":"","meta":[],"product_brand":[],"product_cat":[67],"product_tag":[],"class_list":{"0":"post-1427","1":"product","2":"type-product","3":"status-publish","4":"has-post-thumbnail","6":"heliloojad-leila-roomel-en","7":"tekstiautorid-anu-roomel-en","8":"arranzheerijad-maarika-reimand-en","9":"product_cat-childrens-choir","11":"first","12":"instock","13":"taxable","14":"shipping-taxable","15":"purchasable","16":"product-type-variable"},"_links":{"self":[{"href":"https:\/\/noodiriiul.ee\/en\/wp-json\/wp\/v2\/product\/1427","targetHints":{"allow":["GET"]}}],"collection":[{"href":"https:\/\/noodiriiul.ee\/en\/wp-json\/wp\/v2\/product"}],"about":[{"href":"https:\/\/noodiriiul.ee\/en\/wp-json\/wp\/v2\/types\/product"}],"wp:featuredmedia":[{"embeddable":true,"href":"https:\/\/noodiriiul.ee\/en\/wp-json\/wp\/v2\/media\/1293"}],"wp:attachment":[{"href":"https:\/\/noodiriiul.ee\/en\/wp-json\/wp\/v2\/media?parent=1427"}],"wp:term":[{"taxonomy":"product_brand","embeddable":true,"href":"https:\/\/noodiriiul.ee\/en\/wp-json\/wp\/v2\/product_brand?post=1427"},{"taxonomy":"product_cat","embeddable":true,"href":"https:\/\/noodiriiul.ee\/en\/wp-json\/wp\/v2\/product_cat?post=1427"},{"taxonomy":"product_tag","embeddable":true,"href":"https:\/\/noodiriiul.ee\/en\/wp-json\/wp\/v2\/product_tag?post=1427"}],"curies":[{"name":"wp","href":"https:\/\/api.w.org\/{rel}","templated":true}]}}