{"id":1300,"date":"2021-10-05T20:49:56","date_gmt":"2021-10-05T17:49:46","guid":{"rendered":"https:\/\/noodiriiul.ee\/?post_type=product&#038;p=1300"},"modified":"2024-07-24T16:18:03","modified_gmt":"2024-07-24T13:18:03","slug":"the-works-featured-from-the-music-gathering-for-13th-youth-song-celebration-of-estonia-nothing-can-stop-me","status":"publish","type":"product","link":"https:\/\/noodiriiul.ee\/en\/score\/the-works-featured-from-the-music-gathering-for-13th-youth-song-celebration-of-estonia-nothing-can-stop-me\/","title":{"rendered":"The Works Featured From The Music Gathering For 13th Youth Song Celebration Of Estonia &#8220;Nothing Can Stop Me!&#8221;"},"content":{"rendered":"","protected":false},"excerpt":{"rendered":"<p><strong>Contents<\/strong><br \/>\nTormi Kevvai\/Tormi Kevvai &#8220;Imeline on eesti keel&#8221;<br \/>\nTormi Kevvai\/Tormi Kevvai &#8220;Suvev\u00e4gi&#8221;<br \/>\nEster Murrand\/Ester Murrand &#8220;Poisid on vahvad&#8221;<br \/>\nM\u00e4rt Hunt, Kadri Hunt\/Leelo Tungal &#8220;Perega matkama&#8221;<br \/>\nLauri Saatpalu\/Marja-Leena Mikkola &#8220;Uneratsu laul&#8221;<br \/>\nPille-Riin Langeproon\/rahvaluule &#8220;Kuidas ma leelotama \u00f5ppisin&#8221;<br \/>\nLeila R\u00f6\u00f6mel\/Anu R\u00f6\u00f6mel &#8220;Poiss ja t\u00fcdruk&#8221;<br \/>\nMaarja Vardja\/Maarja Vardja &#8220;Lilleaed&#8221;<br \/>\nMaarja Vardja\/Keldi palve &#8220;Hea soov&#8221;<br \/>\nLuisa Susanna K\u00fctson\/Luisa Susanna K\u00fctson &#8220;H\u00e4llilaul&#8221;<br \/>\nPiret Lilleste\/Piret Lilleste &#8220;Elu lugu&#8221;<br \/>\nLeila R\u00f6\u00f6mel\/Anu R\u00f6\u00f6mel &#8220;Ootuse aeg&#8221;<br \/>\nMaarja Aarma\/Maarja Aarma &#8220;Koos&#8221;<br \/>\nMartin J. Sildos\/Ernst Enno &#8220;P\u00e4ikesele&#8221;<br \/>\nMari Kalkun\/Mari Kalkun, Jan Rahman &#8220;Mino maa&#8221;<br \/>\nUrmas Lattikas\/Margoth Plink &#8220;Usu&#8221;<\/p>\n<p><strong>Number of Pages(A4):<\/strong>80<\/p>\n","protected":false},"featured_media":1282,"template":"","meta":[],"product_brand":[],"product_cat":[299,67,194,54,301],"product_tag":[315],"class_list":{"0":"post-1300","1":"product","2":"type-product","3":"status-publish","4":"has-post-thumbnail","6":"heliloojad-ester-murrand-en","7":"heliloojad-kadri-hunt-en","8":"heliloojad-lauri-saatpalu-en","9":"heliloojad-leila-roomel-en","10":"heliloojad-luisa-susanna-kytson-en","11":"heliloojad-maarja-aarma-en","12":"heliloojad-maarja-vardja-en","13":"heliloojad-mari-kalkun-en","14":"heliloojad-mart-hunt-en","15":"heliloojad-martin-j-sildos-en","16":"heliloojad-pille-riin-langeproon-en","17":"heliloojad-piret-lilleste-en","18":"heliloojad-tormi-kevvai-en","19":"heliloojad-urmas-lattikas-en","20":"tekstiautorid-anu-roomel-en","21":"tekstiautorid-ernst-enno-en","22":"tekstiautorid-ester-murrand-en","23":"tekstiautorid-folklore","24":"tekstiautorid-jan-rahman-en","25":"tekstiautorid-leelo-tungal-en","26":"tekstiautorid-luisa-susanna-kutson-en","27":"tekstiautorid-maarja-aarma-en","28":"tekstiautorid-maarja-vardja-en","29":"tekstiautorid-margoth-plink-en","30":"tekstiautorid-mari-kalkun-en","31":"tekstiautorid-marja-leena-mikkola-en","32":"tekstiautorid-piret-lilleste-en","33":"tekstiautorid-tormi-kevvai-en","34":"arranzheerijad-maarika-reimand-en","35":"arranzheerijad-mari-amor-en","36":"arranzheerijad-tauno-aints-en","37":"arranzheerijad-tonis-korvits-en","38":"product_cat-poistekoor-en","39":"product_cat-childrens-choir","40":"product_cat-collections-for-choir","41":"product_cat-mixed-choir","42":"product_cat-young-childrens-choir","43":"product_tag-the-works-featured-from-the-music-gathering-for-13th-youth-song-celebration-of-estonia","45":"first","46":"instock","47":"downloadable","48":"virtual","49":"taxable","50":"purchasable","51":"product-type-simple"},"_links":{"self":[{"href":"https:\/\/noodiriiul.ee\/en\/wp-json\/wp\/v2\/product\/1300","targetHints":{"allow":["GET"]}}],"collection":[{"href":"https:\/\/noodiriiul.ee\/en\/wp-json\/wp\/v2\/product"}],"about":[{"href":"https:\/\/noodiriiul.ee\/en\/wp-json\/wp\/v2\/types\/product"}],"wp:featuredmedia":[{"embeddable":true,"href":"https:\/\/noodiriiul.ee\/en\/wp-json\/wp\/v2\/media\/1282"}],"wp:attachment":[{"href":"https:\/\/noodiriiul.ee\/en\/wp-json\/wp\/v2\/media?parent=1300"}],"wp:term":[{"taxonomy":"product_brand","embeddable":true,"href":"https:\/\/noodiriiul.ee\/en\/wp-json\/wp\/v2\/product_brand?post=1300"},{"taxonomy":"product_cat","embeddable":true,"href":"https:\/\/noodiriiul.ee\/en\/wp-json\/wp\/v2\/product_cat?post=1300"},{"taxonomy":"product_tag","embeddable":true,"href":"https:\/\/noodiriiul.ee\/en\/wp-json\/wp\/v2\/product_tag?post=1300"}],"curies":[{"name":"wp","href":"https:\/\/api.w.org\/{rel}","templated":true}]}}