{"id":1042,"date":"2021-05-09T12:17:36","date_gmt":"2021-05-09T09:17:24","guid":{"rendered":"https:\/\/noodiriiul.ee\/?post_type=product&#038;p=1042"},"modified":"2024-07-23T20:31:50","modified_gmt":"2024-07-23T17:31:50","slug":"kadri-hunt-uku-masing-jouluool-on-christmas-night","status":"publish","type":"product","link":"https:\/\/noodiriiul.ee\/en\/score\/kadri-hunt-uku-masing-jouluool-on-christmas-night\/","title":{"rendered":"Kadri Hunt \/ Uku Masing &#8220;J\u00f5ulu\u00f6\u00f6l&#8221; (On Christmas Night)"},"content":{"rendered":"","protected":false},"excerpt":{"rendered":"<p>Music by: Kadri Hunt<br \/>\nLyrics by: Uku Masing<br \/>\nMixed Choir with free piano accompaniment<br \/>\nNumber of pages(A4): 3 + English summary<\/p>\n","protected":false},"featured_media":952,"template":"","meta":[],"product_brand":[],"product_cat":[54],"product_tag":[317,214],"class_list":{"0":"post-1042","1":"product","2":"type-product","3":"status-publish","4":"has-post-thumbnail","6":"heliloojad-kadri-hunt-en","7":"tekstiautorid-uku-masing-en","8":"product_cat-mixed-choir","9":"product_tag-christmas","10":"product_tag-mixed-choir-with-piano-accompaniment","12":"first","13":"instock","14":"downloadable","15":"virtual","16":"taxable","17":"purchasable","18":"product-type-simple"},"_links":{"self":[{"href":"https:\/\/noodiriiul.ee\/en\/wp-json\/wp\/v2\/product\/1042","targetHints":{"allow":["GET"]}}],"collection":[{"href":"https:\/\/noodiriiul.ee\/en\/wp-json\/wp\/v2\/product"}],"about":[{"href":"https:\/\/noodiriiul.ee\/en\/wp-json\/wp\/v2\/types\/product"}],"wp:featuredmedia":[{"embeddable":true,"href":"https:\/\/noodiriiul.ee\/en\/wp-json\/wp\/v2\/media\/952"}],"wp:attachment":[{"href":"https:\/\/noodiriiul.ee\/en\/wp-json\/wp\/v2\/media?parent=1042"}],"wp:term":[{"taxonomy":"product_brand","embeddable":true,"href":"https:\/\/noodiriiul.ee\/en\/wp-json\/wp\/v2\/product_brand?post=1042"},{"taxonomy":"product_cat","embeddable":true,"href":"https:\/\/noodiriiul.ee\/en\/wp-json\/wp\/v2\/product_cat?post=1042"},{"taxonomy":"product_tag","embeddable":true,"href":"https:\/\/noodiriiul.ee\/en\/wp-json\/wp\/v2\/product_tag?post=1042"}],"curies":[{"name":"wp","href":"https:\/\/api.w.org\/{rel}","templated":true}]}}