{"id":1036,"date":"2021-05-09T12:01:58","date_gmt":"2021-05-09T09:01:33","guid":{"rendered":"https:\/\/noodiriiul.ee\/?post_type=product&#038;p=1036"},"modified":"2024-07-23T20:20:51","modified_gmt":"2024-07-23T17:20:51","slug":"ardo-ran-varres-marie-heiberg-minu-laulus-on-jaanud-uks-igatsus-jargi-there-is-one-dream-left-in-my-song","status":"publish","type":"product","link":"https:\/\/noodiriiul.ee\/en\/score\/ardo-ran-varres-marie-heiberg-minu-laulus-on-jaanud-uks-igatsus-jargi-there-is-one-dream-left-in-my-song\/","title":{"rendered":"Ardo Ran Varres \/ Marie Heiberg &#8220;Minu laulus on j\u00e4\u00e4nud \u00fcks igatsus j\u00e4rgi&#8221; (There is One Dream Left in My Song)"},"content":{"rendered":"","protected":false},"excerpt":{"rendered":"<p>Music by: Ardo Ran Varres<br \/>\nLyrics by: Marie Heiberg<br \/>\nMixed Choir a cappella<br \/>\nNumber of pages(A4): 6 + English summary<\/p>\n","protected":false},"featured_media":960,"template":"","meta":[],"product_brand":[],"product_cat":[54],"product_tag":[212],"class_list":{"0":"post-1036","1":"product","2":"type-product","3":"status-publish","4":"has-post-thumbnail","6":"heliloojad-ardo-ran-varres-en","7":"tekstiautorid-marie-heiberg-en","8":"product_cat-mixed-choir","9":"product_tag-mixed-choir-a-cappella","11":"first","12":"instock","13":"downloadable","14":"virtual","15":"taxable","16":"purchasable","17":"product-type-simple"},"_links":{"self":[{"href":"https:\/\/noodiriiul.ee\/en\/wp-json\/wp\/v2\/product\/1036","targetHints":{"allow":["GET"]}}],"collection":[{"href":"https:\/\/noodiriiul.ee\/en\/wp-json\/wp\/v2\/product"}],"about":[{"href":"https:\/\/noodiriiul.ee\/en\/wp-json\/wp\/v2\/types\/product"}],"wp:featuredmedia":[{"embeddable":true,"href":"https:\/\/noodiriiul.ee\/en\/wp-json\/wp\/v2\/media\/960"}],"wp:attachment":[{"href":"https:\/\/noodiriiul.ee\/en\/wp-json\/wp\/v2\/media?parent=1036"}],"wp:term":[{"taxonomy":"product_brand","embeddable":true,"href":"https:\/\/noodiriiul.ee\/en\/wp-json\/wp\/v2\/product_brand?post=1036"},{"taxonomy":"product_cat","embeddable":true,"href":"https:\/\/noodiriiul.ee\/en\/wp-json\/wp\/v2\/product_cat?post=1036"},{"taxonomy":"product_tag","embeddable":true,"href":"https:\/\/noodiriiul.ee\/en\/wp-json\/wp\/v2\/product_tag?post=1036"}],"curies":[{"name":"wp","href":"https:\/\/api.w.org\/{rel}","templated":true}]}}